{"id":2,"date":"2012-11-19T14:34:05","date_gmt":"2012-11-19T14:34:05","guid":{"rendered":"http:\/\/from.hr\/networkadmin\/actions.php?status=www&#038;domain_name=lidija-kralj&#038;user_name=Lidija+Kralj&#038;user_email=lidija.kralj%40skole.hr&#038;\/?page_id=2"},"modified":"2023-07-30T11:49:47","modified_gmt":"2023-07-30T10:49:47","slug":"sample-page","status":"publish","type":"page","link":"http:\/\/lidija-kralj.from.hr\/","title":{"rendered":"Po\u010detna"},"content":{"rendered":"<p><span style=\"color: #e6a9ec\">Digitalne tehnologije mijenjaju svijet i od u\u010ditelja se o\u010dekuje da se promijene i prilagode novom okru\u017eenju koje iziskuje otvorenost, suradnju, dijeljenje i spremnost na cjelo\u017eivotno u\u010denje.<\/span><\/p>\n<p><span style=\"color: #33cccc\">Digital technologies are changing the world and teachers are expected to change and adapt to the new environment that demands openness, collaboration, sharing and readiness for lifelong learning.<\/span><\/p>\n","protected":false},"excerpt":{"rendered":"<p>Digitalne tehnologije mijenjaju svijet i od u\u010ditelja se o\u010dekuje da se promijene i prilagode novom okru\u017eenju koje iziskuje otvorenost, suradnju, dijeljenje i spremnost na cjelo\u017eivotno u\u010denje. Digital technologies are changing the world and teachers are expected to change and adapt &hellip; <a href=\"http:\/\/lidija-kralj.from.hr\/\">Nastavi \u010ditati <span class=\"meta-nav\">&rarr;<\/span><\/a><\/p>\n","protected":false},"author":263,"featured_media":0,"parent":0,"menu_order":0,"comment_status":"open","ping_status":"open","template":"showcase.php","meta":{"ngg_post_thumbnail":0},"yoast_head":"<!-- This site is optimized with the Yoast SEO plugin v17.5 - https:\/\/yoast.com\/wordpress\/plugins\/seo\/ -->\n<meta name=\"robots\" content=\"index, follow, max-snippet:-1, max-image-preview:large, max-video-preview:-1\" \/>\n<link rel=\"canonical\" href=\"http:\/\/lidija-kralj.from.hr\/\" \/>\n<meta property=\"og:locale\" content=\"hr_HR\" \/>\n<meta property=\"og:type\" content=\"article\" \/>\n<meta property=\"og:title\" content=\"Po\u010detna - Digitalni tragovi \/ Digital traces\" \/>\n<meta property=\"og:description\" content=\"Digitalne tehnologije mijenjaju svijet i od u\u010ditelja se o\u010dekuje da se promijene i prilagode novom okru\u017eenju koje iziskuje otvorenost, suradnju, dijeljenje i spremnost na cjelo\u017eivotno u\u010denje. Digital technologies are changing the world and teachers are expected to change and adapt &hellip; Nastavi \u010ditati &rarr;\" \/>\n<meta property=\"og:url\" content=\"http:\/\/lidija-kralj.from.hr\/\" \/>\n<meta property=\"og:site_name\" content=\"Digitalni tragovi \/ Digital traces\" \/>\n<meta property=\"article:modified_time\" content=\"2023-07-30T10:49:47+00:00\" \/>\n<meta name=\"twitter:card\" content=\"summary\" \/>\n<meta name=\"twitter:label1\" content=\"Procijenjeno vrijeme \u010ditanja\" \/>\n\t<meta name=\"twitter:data1\" content=\"1 minuta\" \/>\n<script type=\"application\/ld+json\" class=\"yoast-schema-graph\">{\"@context\":\"https:\/\/schema.org\",\"@graph\":[{\"@type\":\"WebSite\",\"@id\":\"http:\/\/lidija-kralj.from.hr\/#website\",\"url\":\"http:\/\/lidija-kralj.from.hr\/\",\"name\":\"Digitalni tragovi \/ Digital traces\",\"description\":\"Kakve tragove ostavljate u virtualnom svijetu? \/ What traces do you leave in the virtual world?\",\"potentialAction\":[{\"@type\":\"SearchAction\",\"target\":{\"@type\":\"EntryPoint\",\"urlTemplate\":\"http:\/\/lidija-kralj.from.hr\/?s={search_term_string}\"},\"query-input\":\"required name=search_term_string\"}],\"inLanguage\":\"hr\"},{\"@type\":\"WebPage\",\"@id\":\"http:\/\/lidija-kralj.from.hr\/#webpage\",\"url\":\"http:\/\/lidija-kralj.from.hr\/\",\"name\":\"Po\\u010detna - Digitalni tragovi \/ Digital traces\",\"isPartOf\":{\"@id\":\"http:\/\/lidija-kralj.from.hr\/#website\"},\"datePublished\":\"2012-11-19T14:34:05+00:00\",\"dateModified\":\"2023-07-30T10:49:47+00:00\",\"breadcrumb\":{\"@id\":\"http:\/\/lidija-kralj.from.hr\/#breadcrumb\"},\"inLanguage\":\"hr\",\"potentialAction\":[{\"@type\":\"ReadAction\",\"target\":[\"http:\/\/lidija-kralj.from.hr\/\"]}]},{\"@type\":\"BreadcrumbList\",\"@id\":\"http:\/\/lidija-kralj.from.hr\/#breadcrumb\",\"itemListElement\":[{\"@type\":\"ListItem\",\"position\":1,\"name\":\"Home\",\"item\":\"http:\/\/lidija-kralj.from.hr\/\"},{\"@type\":\"ListItem\",\"position\":2,\"name\":\"Po\\u010detna\"}]}]}<\/script>\n<!-- \/ Yoast SEO plugin. -->","yoast_head_json":{"robots":{"index":"index","follow":"follow","max-snippet":"max-snippet:-1","max-image-preview":"max-image-preview:large","max-video-preview":"max-video-preview:-1"},"canonical":"http:\/\/lidija-kralj.from.hr\/","og_locale":"hr_HR","og_type":"article","og_title":"Po\u010detna - Digitalni tragovi \/ Digital traces","og_description":"Digitalne tehnologije mijenjaju svijet i od u\u010ditelja se o\u010dekuje da se promijene i prilagode novom okru\u017eenju koje iziskuje otvorenost, suradnju, dijeljenje i spremnost na cjelo\u017eivotno u\u010denje. Digital technologies are changing the world and teachers are expected to change and adapt &hellip; Nastavi \u010ditati &rarr;","og_url":"http:\/\/lidija-kralj.from.hr\/","og_site_name":"Digitalni tragovi \/ Digital traces","article_modified_time":"2023-07-30T10:49:47+00:00","twitter_card":"summary","twitter_misc":{"Procijenjeno vrijeme \u010ditanja":"1 minuta"},"schema":{"@context":"https:\/\/schema.org","@graph":[{"@type":"WebSite","@id":"http:\/\/lidija-kralj.from.hr\/#website","url":"http:\/\/lidija-kralj.from.hr\/","name":"Digitalni tragovi \/ Digital traces","description":"Kakve tragove ostavljate u virtualnom svijetu? \/ What traces do you leave in the virtual world?","potentialAction":[{"@type":"SearchAction","target":{"@type":"EntryPoint","urlTemplate":"http:\/\/lidija-kralj.from.hr\/?s={search_term_string}"},"query-input":"required name=search_term_string"}],"inLanguage":"hr"},{"@type":"WebPage","@id":"http:\/\/lidija-kralj.from.hr\/#webpage","url":"http:\/\/lidija-kralj.from.hr\/","name":"Po\u010detna - Digitalni tragovi \/ Digital traces","isPartOf":{"@id":"http:\/\/lidija-kralj.from.hr\/#website"},"datePublished":"2012-11-19T14:34:05+00:00","dateModified":"2023-07-30T10:49:47+00:00","breadcrumb":{"@id":"http:\/\/lidija-kralj.from.hr\/#breadcrumb"},"inLanguage":"hr","potentialAction":[{"@type":"ReadAction","target":["http:\/\/lidija-kralj.from.hr\/"]}]},{"@type":"BreadcrumbList","@id":"http:\/\/lidija-kralj.from.hr\/#breadcrumb","itemListElement":[{"@type":"ListItem","position":1,"name":"Home","item":"http:\/\/lidija-kralj.from.hr\/"},{"@type":"ListItem","position":2,"name":"Po\u010detna"}]}]}},"_links":{"self":[{"href":"http:\/\/lidija-kralj.from.hr\/index.php?rest_route=\/wp\/v2\/pages\/2"}],"collection":[{"href":"http:\/\/lidija-kralj.from.hr\/index.php?rest_route=\/wp\/v2\/pages"}],"about":[{"href":"http:\/\/lidija-kralj.from.hr\/index.php?rest_route=\/wp\/v2\/types\/page"}],"author":[{"embeddable":true,"href":"http:\/\/lidija-kralj.from.hr\/index.php?rest_route=\/wp\/v2\/users\/263"}],"replies":[{"embeddable":true,"href":"http:\/\/lidija-kralj.from.hr\/index.php?rest_route=%2Fwp%2Fv2%2Fcomments&post=2"}],"version-history":[{"count":9,"href":"http:\/\/lidija-kralj.from.hr\/index.php?rest_route=\/wp\/v2\/pages\/2\/revisions"}],"predecessor-version":[{"id":594,"href":"http:\/\/lidija-kralj.from.hr\/index.php?rest_route=\/wp\/v2\/pages\/2\/revisions\/594"}],"wp:attachment":[{"href":"http:\/\/lidija-kralj.from.hr\/index.php?rest_route=%2Fwp%2Fv2%2Fmedia&parent=2"}],"curies":[{"name":"wp","href":"https:\/\/api.w.org\/{rel}","templated":true}]}}